{"id":198,"date":"2024-01-19T10:51:55","date_gmt":"2024-01-19T10:51:55","guid":{"rendered":"https:\/\/wordpress.givigroup.net\/nl\/?page_id=198"},"modified":"2025-12-04T15:03:49","modified_gmt":"2025-12-04T15:03:49","slug":"opleidingen","status":"publish","type":"page","link":"https:\/\/wordpress.givigroup.net\/nl\/opleidingen\/","title":{"rendered":"Opleidingen"},"content":{"rendered":"\n<div class=\"wp-block-columns is-layout-flex wp-container-core-columns-layout-1 wp-block-columns-is-layout-flex\">\n<div class=\"wp-block-column is-layout-flow wp-block-column-is-layout-flow\">\n<p class=\"has-text-color has-link-color wp-elements-43d2509c282f26a339fa4f7a9d4131a8\" style=\"color:#003366\">Wens je wat meer informatie over de inhouden van onze Office \u00e0 La Carte, klassikale opleidingen of workshops? <br>Ben je op zoek naar data wanneer deze opleidingen gepland zijn?<br>Klik op \u00e9\u00e9n van de snelkoppelingen om de inhouden en data van onze trainingen weer te geven.<\/p>\n\n\n\n<div style=\"height:25px\" aria-hidden=\"true\" class=\"wp-block-spacer\"><\/div>\n<\/div>\n<\/div>\n\n\n\n<div class=\"wp-block-columns is-layout-flex wp-container-core-columns-layout-2 wp-block-columns-is-layout-flex\">\n<div class=\"wp-block-column is-layout-flow wp-block-column-is-layout-flow\"><div class=\"wp-block-image\">\n<figure class=\"aligncenter size-large is-resized\"><img decoding=\"async\" src=\"https:\/\/wordpress.givigroup.net\/nl\/wp-content\/uploads\/sites\/3\/2025\/10\/microsoft_excel_2025-logo-e1761552951597.png\" alt=\"\" style=\"width:100px\"\/><\/figure><\/div>\n\n\n<p class=\"has-text-align-center\"><a href=\"https:\/\/wordpress.givigroup.net\/nl\/excel-opleidingen\/\">Excel<\/a><\/p>\n<\/div>\n\n\n\n<div class=\"wp-block-column is-layout-flow wp-block-column-is-layout-flow\"><div class=\"wp-block-image\">\n<figure class=\"aligncenter size-thumbnail is-resized\"><img decoding=\"async\" src=\"https:\/\/wordpress.givigroup.net\/nl\/wp-content\/uploads\/2024\/01\/power-bi-icon-150x150.png\" alt=\"\" class=\"wp-image-607\" style=\"width:100px\"\/><\/figure><\/div>\n\n\n<p class=\"has-text-align-center\"><a href=\"https:\/\/wordpress.givigroup.net\/nl\/power-bi-opleidingen\/\">Power BI<\/a><\/p>\n<\/div>\n\n\n\n<div class=\"wp-block-column is-layout-flow wp-block-column-is-layout-flow\"><div class=\"wp-block-image\">\n<figure class=\"aligncenter size-large is-resized\"><img decoding=\"async\" src=\"https:\/\/wordpress.givigroup.net\/nl\/wp-content\/uploads\/sites\/3\/2025\/10\/microsoft_sharepoint_2025-logo-e1761553323211.png\" alt=\"\" style=\"width:auto;height:100px\"\/><\/figure><\/div>\n\n\n<p class=\"has-text-align-center\"><a href=\"https:\/\/wordpress.givigroup.net\/nl\/sharepoint-opleidingen\/\">SharePoint<\/a><\/p>\n<\/div>\n\n\n\n<div class=\"wp-block-column is-layout-flow wp-block-column-is-layout-flow\"><div class=\"wp-block-image\">\n<figure class=\"aligncenter size-large is-resized\"><img decoding=\"async\" src=\"https:\/\/wordpress.givigroup.net\/nl\/wp-content\/uploads\/sites\/3\/2025\/10\/microsoft_teams_2025-logo-e1761553348638.png\" alt=\"\" style=\"width:auto;height:100px\"\/><\/figure><\/div>\n\n\n<p class=\"has-text-align-center\"><a href=\"https:\/\/wordpress.givigroup.net\/nl\/teams-opleidingen\/\">Teams<\/a><\/p>\n<\/div>\n\n\n\n<div class=\"wp-block-column is-layout-flow wp-block-column-is-layout-flow\"><div class=\"wp-block-image\">\n<figure class=\"aligncenter size-thumbnail is-resized\"><img decoding=\"async\" src=\"https:\/\/wordpress.givigroup.net\/nl\/wp-content\/uploads\/2024\/01\/M365_2-150x150.jpg\" alt=\"\" class=\"wp-image-1172\" style=\"width:100px\"\/><\/figure><\/div>\n\n\n<p class=\"has-text-align-center\"><a href=\"https:\/\/wordpress.givigroup.net\/nl\/microsoft-365-opleidingen\/\">Microsoft 365<\/a><\/p>\n<\/div>\n<\/div>\n\n\n\n<div class=\"wp-block-columns is-layout-flex wp-container-core-columns-layout-3 wp-block-columns-is-layout-flex\">\n<div class=\"wp-block-column is-layout-flow wp-block-column-is-layout-flow\"><div class=\"wp-block-image\">\n<figure class=\"aligncenter size-large is-resized\"><img decoding=\"async\" src=\"https:\/\/wordpress.givigroup.net\/nl\/wp-content\/uploads\/sites\/3\/2025\/10\/microsoft_onenote_2025-logo-e1761553258205.png\" alt=\"\" style=\"width:100px\"\/><\/figure><\/div>\n\n\n<p class=\"has-text-align-center\"><a href=\"https:\/\/wordpress.givigroup.net\/nl\/onenote-opleidingen\/\">OneNote<\/a><\/p>\n<\/div>\n\n\n\n<div class=\"wp-block-column is-layout-flow wp-block-column-is-layout-flow\"><div class=\"wp-block-image\">\n<figure class=\"aligncenter size-large is-resized\"><img decoding=\"async\" src=\"https:\/\/wordpress.givigroup.net\/nl\/wp-content\/uploads\/sites\/3\/2025\/10\/microsoft_outlook_2025-logo-e1761553279219.png\" alt=\"\" style=\"width:auto;height:100px\"\/><\/figure><\/div>\n\n\n<p class=\"has-text-align-center\"><a href=\"https:\/\/wordpress.givigroup.net\/nl\/outlook-opleidingen\/\">Outlook<\/a><\/p>\n<\/div>\n\n\n\n<div class=\"wp-block-column is-layout-flow wp-block-column-is-layout-flow\"><div class=\"wp-block-image\">\n<figure class=\"aligncenter size-large is-resized\"><img decoding=\"async\" src=\"https:\/\/wordpress.givigroup.net\/nl\/wp-content\/uploads\/sites\/3\/2025\/10\/microsoft_powerpoint_2025-logo-e1761553301680.png\" alt=\"\" style=\"width:auto;height:100px\"\/><\/figure><\/div>\n\n\n<p class=\"has-text-align-center\"><a href=\"https:\/\/wordpress.givigroup.net\/nl\/powerpoint-opleidingen\/\">PowerPoint<\/a><\/p>\n<\/div>\n\n\n\n<div class=\"wp-block-column is-layout-flow wp-block-column-is-layout-flow\"><div class=\"wp-block-image\">\n<figure class=\"aligncenter size-thumbnail is-resized\"><img decoding=\"async\" src=\"https:\/\/wordpress.givigroup.net\/nl\/wp-content\/uploads\/2024\/01\/microsoft-visio-icon-150x150.png\" alt=\"\" class=\"wp-image-790\" style=\"width:100px;height:auto\"\/><\/figure><\/div>\n\n\n<p class=\"has-text-align-center\"><a href=\"https:\/\/wordpress.givigroup.net\/nl\/visio-opleidingen\/\">Visio<\/a><\/p>\n<\/div>\n\n\n\n<div class=\"wp-block-column is-layout-flow wp-block-column-is-layout-flow\"><div class=\"wp-block-image\">\n<figure class=\"aligncenter size-thumbnail is-resized\"><img decoding=\"async\" src=\"https:\/\/wordpress.givigroup.net\/nl\/wp-content\/uploads\/2024\/01\/MS-Project-150x150.jpg\" alt=\"\" class=\"wp-image-1176\" style=\"width:100px\"\/><\/figure><\/div>\n\n\n<p class=\"has-text-align-center\"><a href=\"https:\/\/wordpress.givigroup.net\/nl\/project-opleidingen\/\">Project<\/a><\/p>\n<\/div>\n<\/div>\n\n\n\n<div class=\"wp-block-columns is-layout-flex wp-container-core-columns-layout-4 wp-block-columns-is-layout-flex\">\n<div class=\"wp-block-column is-layout-flow wp-block-column-is-layout-flow\"><div class=\"wp-block-image\">\n<figure class=\"aligncenter size-large is-resized\"><img decoding=\"async\" src=\"https:\/\/wordpress.givigroup.net\/nl\/wp-content\/uploads\/sites\/3\/2025\/10\/microsoft_access_2025-logo-e1761556228147.png\" alt=\"\" style=\"width:auto;height:100px\"\/><\/figure><\/div>\n\n\n<p class=\"has-text-align-center\"><a href=\"https:\/\/wordpress.givigroup.net\/nl\/access-opleidingen\/\">Access<\/a><\/p>\n<\/div>\n\n\n\n<div class=\"wp-block-column is-layout-flow wp-block-column-is-layout-flow\"><div class=\"wp-block-image\">\n<figure class=\"aligncenter size-large is-resized\"><img decoding=\"async\" src=\"https:\/\/wordpress.givigroup.net\/nl\/wp-content\/uploads\/sites\/3\/2025\/10\/microsoft_word_2025-logo.png\" alt=\"\" style=\"width:auto;height:100px\"\/><\/figure><\/div>\n\n\n<p class=\"has-text-align-center\"><a href=\"https:\/\/wordpress.givigroup.net\/nl\/word-opleidingen\/\">Word<\/a><\/p>\n<\/div>\n\n\n\n<div class=\"wp-block-column is-layout-flow wp-block-column-is-layout-flow\"><div class=\"wp-block-image\">\n<figure class=\"aligncenter size-thumbnail is-resized\"><img loading=\"lazy\" decoding=\"async\" width=\"150\" height=\"150\" src=\"https:\/\/wordpress.givigroup.net\/nl\/wp-content\/uploads\/sites\/3\/2024\/01\/Storyline_GR-e1706708257256-150x150.png\" alt=\"\" class=\"wp-image-1195\" style=\"width:100px\" srcset=\"https:\/\/wordpress.givigroup.net\/nl\/wp-content\/uploads\/sites\/3\/2024\/01\/Storyline_GR-e1706708257256-150x150.png 150w, https:\/\/wordpress.givigroup.net\/nl\/wp-content\/uploads\/sites\/3\/2024\/01\/Storyline_GR-e1706708257256.png 154w\" sizes=\"(max-width: 150px) 100vw, 150px\" \/><\/figure><\/div>\n\n\n<p class=\"has-text-align-center\"><a href=\"https:\/\/wordpress.givigroup.net\/nl\/storyline-360-opleidingen\/\">Storyline 360<\/a><\/p>\n<\/div>\n\n\n\n<div class=\"wp-block-column is-layout-flow wp-block-column-is-layout-flow\"><div class=\"wp-block-image\">\n<figure class=\"aligncenter size-thumbnail is-resized\"><img loading=\"lazy\" decoding=\"async\" width=\"150\" height=\"150\" src=\"https:\/\/wordpress.givigroup.net\/nl\/wp-content\/uploads\/sites\/3\/2024\/03\/copilot-icon-150x150.png\" alt=\"\" class=\"wp-image-1892\" style=\"width:100px\" srcset=\"https:\/\/wordpress.givigroup.net\/nl\/wp-content\/uploads\/sites\/3\/2024\/03\/copilot-icon-150x150.png 150w, https:\/\/wordpress.givigroup.net\/nl\/wp-content\/uploads\/sites\/3\/2024\/03\/copilot-icon-300x300.png 300w, https:\/\/wordpress.givigroup.net\/nl\/wp-content\/uploads\/sites\/3\/2024\/03\/copilot-icon-375x375.png 375w, https:\/\/wordpress.givigroup.net\/nl\/wp-content\/uploads\/sites\/3\/2024\/03\/copilot-icon.png 512w\" sizes=\"(max-width: 150px) 100vw, 150px\" \/><\/figure><\/div>\n\n\n<p class=\"has-text-align-center\"><a href=\"https:\/\/wordpress.givigroup.net\/nl\/copilot-opleidingen\/\">Copilot<\/a><\/p>\n<\/div>\n\n\n\n<div class=\"wp-block-column is-layout-flow wp-block-column-is-layout-flow\"><div class=\"wp-block-image\">\n<figure class=\"aligncenter size-thumbnail is-resized\"><img loading=\"lazy\" decoding=\"async\" width=\"150\" height=\"150\" src=\"https:\/\/wordpress.givigroup.net\/nl\/wp-content\/uploads\/sites\/3\/2024\/03\/Power-Automate-150x150.png\" alt=\"\" class=\"wp-image-1898\" style=\"width:100px\" srcset=\"https:\/\/wordpress.givigroup.net\/nl\/wp-content\/uploads\/sites\/3\/2024\/03\/Power-Automate-150x150.png 150w, https:\/\/wordpress.givigroup.net\/nl\/wp-content\/uploads\/sites\/3\/2024\/03\/Power-Automate-300x300.png 300w, https:\/\/wordpress.givigroup.net\/nl\/wp-content\/uploads\/sites\/3\/2024\/03\/Power-Automate-375x375.png 375w, https:\/\/wordpress.givigroup.net\/nl\/wp-content\/uploads\/sites\/3\/2024\/03\/Power-Automate.png 500w\" sizes=\"(max-width: 150px) 100vw, 150px\" \/><\/figure><\/div>\n\n\n<p class=\"has-text-align-center\"><a href=\"https:\/\/wordpress.givigroup.net\/nl\/power-automate-opleidingen\/\">Power Automate<\/a><\/p>\n<\/div>\n<\/div>\n","protected":false},"excerpt":{"rendered":"<p>Wens je wat meer informatie over de inhouden van onze Office \u00e0 La Carte, klassikale opleidingen of workshops? Ben je op zoek naar data wanneer deze opleidingen gepland zijn?Klik op \u00e9\u00e9n van de snelkoppelingen om de inhouden en data van onze trainingen weer te geven. Excel Power BI SharePoint Teams Microsoft 365 OneNote Outlook PowerPoint [&hellip;]<\/p>\n","protected":false},"author":1,"featured_media":0,"parent":0,"menu_order":0,"comment_status":"closed","ping_status":"closed","template":"","meta":{"footnotes":""},"_links":{"self":[{"href":"https:\/\/wordpress.givigroup.net\/nl\/wp-json\/wp\/v2\/pages\/198"}],"collection":[{"href":"https:\/\/wordpress.givigroup.net\/nl\/wp-json\/wp\/v2\/pages"}],"about":[{"href":"https:\/\/wordpress.givigroup.net\/nl\/wp-json\/wp\/v2\/types\/page"}],"author":[{"embeddable":true,"href":"https:\/\/wordpress.givigroup.net\/nl\/wp-json\/wp\/v2\/users\/1"}],"replies":[{"embeddable":true,"href":"https:\/\/wordpress.givigroup.net\/nl\/wp-json\/wp\/v2\/comments?post=198"}],"version-history":[{"count":6,"href":"https:\/\/wordpress.givigroup.net\/nl\/wp-json\/wp\/v2\/pages\/198\/revisions"}],"predecessor-version":[{"id":2286,"href":"https:\/\/wordpress.givigroup.net\/nl\/wp-json\/wp\/v2\/pages\/198\/revisions\/2286"}],"wp:attachment":[{"href":"https:\/\/wordpress.givigroup.net\/nl\/wp-json\/wp\/v2\/media?parent=198"}],"curies":[{"name":"wp","href":"https:\/\/api.w.org\/{rel}","templated":true}]}}