{"id":215,"date":"2024-01-19T11:29:54","date_gmt":"2024-01-19T11:29:54","guid":{"rendered":"https:\/\/wordpress.givigroup.net\/nl\/?page_id=215"},"modified":"2024-03-20T08:19:35","modified_gmt":"2024-03-20T08:19:35","slug":"klassikale-groepsopleiding","status":"publish","type":"page","link":"https:\/\/wordpress.givigroup.net\/fr\/klassikale-groepsopleiding\/","title":{"rendered":"Formation en classe"},"content":{"rendered":"\n<p class=\"has-text-color has-link-color wp-elements-2ccbcf7f3939259bc26b1d3220e97df6\" style=\"color:#003366\">Pendant les <strong>formations en groupe en classe<\/strong>, le cours est pr\u00e9sent\u00e9 de mani\u00e8re structur\u00e9e, avec un <strong>bon \u00e9quilibre entre la th\u00e9orie et les exercices<\/strong>. Chaque participant dispose d&rsquo;un PC sur lequel les exercices pratiques sont r\u00e9alis\u00e9s. La taille du groupe est limit\u00e9e \u00e0 8, maximum 10 personnes, afin de permettre une interaction optimale entre les participants et l&rsquo;enseignant.<\/p>\n\n\n\n<p class=\"has-text-color has-link-color wp-elements-fd5b0a17d64017fac2676cd5856f5d25\" style=\"color:#003366\">Cette forme d&rsquo;apprentissage est particuli\u00e8rement adapt\u00e9e <strong>aux personnes ayant le m\u00eame niveau de connaissances et les m\u00eames objectifs<\/strong>. Pour les cours de base, techniques ou graphiques, il est fortement recommand\u00e9 d&rsquo;opter pour cette m\u00e9thode d&rsquo;enseignement en classe.<\/p>\n\n\n\n<div style=\"height:25px\" aria-hidden=\"true\" class=\"wp-block-spacer\"><\/div>\n\n\n<div class=\"wp-block-image\">\n<figure class=\"aligncenter size-large\"><img loading=\"lazy\" decoding=\"async\" width=\"1024\" height=\"576\" src=\"https:\/\/wordpress.givigroup.net\/fr\/wp-content\/uploads\/sites\/4\/2024\/01\/background-Homepage2-1024x576.jpg\" alt=\"\" class=\"wp-image-657\" style=\"aspect-ratio:16\/9;object-fit:cover\" srcset=\"https:\/\/wordpress.givigroup.net\/fr\/wp-content\/uploads\/sites\/4\/2024\/01\/background-Homepage2-1024x576.jpg 1024w, https:\/\/wordpress.givigroup.net\/fr\/wp-content\/uploads\/sites\/4\/2024\/01\/background-Homepage2-300x169.jpg 300w, https:\/\/wordpress.givigroup.net\/fr\/wp-content\/uploads\/sites\/4\/2024\/01\/background-Homepage2-768x432.jpg 768w, https:\/\/wordpress.givigroup.net\/fr\/wp-content\/uploads\/sites\/4\/2024\/01\/background-Homepage2.jpg 1380w\" sizes=\"(max-width: 1024px) 100vw, 1024px\" \/><\/figure><\/div>\n\n\n<div style=\"height:35px\" aria-hidden=\"true\" class=\"wp-block-spacer\"><\/div>\n\n\n\n<div class=\"wp-block-columns is-layout-flex wp-container-core-columns-layout-1 wp-block-columns-is-layout-flex\">\n<div class=\"wp-block-column is-layout-flow wp-block-column-is-layout-flow\">\n<h3 class=\"wp-block-heading has-text-color has-link-color has-large-font-size wp-elements-93cc6ab7561d49ac04a41ff5bff8077e\" style=\"color:#ff6633\">L&rsquo;offre ouverte<\/h3>\n\n\n\n<div style=\"height:25px\" aria-hidden=\"true\" class=\"wp-block-spacer\"><\/div>\n\n\n\n<p class=\"has-text-color has-link-color wp-elements-d3f20c6f1fe4142f4a5ea6afcae79438\" style=\"color:#003366\">GiVi Group propose une gamme limit\u00e9e de formations PC dans ses diff\u00e9rents sites ou en ligne, auxquelles il est possible de s&rsquo;inscrire individuellement. Consultez notre <a href=\"https:\/\/wordpress.givigroup.net\/fr\/opleidingen\/\">calendrier de formation<\/a> pour plus d&rsquo;informations.<\/p>\n<\/div>\n\n\n\n<div class=\"wp-block-column is-layout-flow wp-block-column-is-layout-flow\">\n<h3 class=\"wp-block-heading has-text-color has-link-color has-large-font-size wp-elements-94858bcf52ef129808c778de5fdd3a7b\" style=\"color:#ff6633\">Formation d&rsquo;entreprise<\/h3>\n\n\n\n<div style=\"height:25px\" aria-hidden=\"true\" class=\"wp-block-spacer\"><\/div>\n\n\n\n<p class=\"has-text-color has-link-color wp-elements-6b53164af5a7186a05c6ac3e05248fb7\" style=\"color:#003366\">Pour un groupe d&#8217;employ\u00e9s internes d&rsquo;une m\u00eame organisation, nous sommes heureux d&rsquo;\u00e9laborer <strong>des formations sur mesure.<\/strong> Nous pouvons personnaliser le contenu des formations en fonction de la demande, avec la possibilit\u00e9 d&rsquo;int\u00e9grer du <strong>mat\u00e9riel sp\u00e9cifique \u00e0 l&rsquo;entreprise<\/strong> dans la formation.<\/p>\n\n\n\n<p class=\"has-text-color has-link-color wp-elements-24b48314a201c57fd276005c752d8860\" style=\"color:#003366\">Une formation d&rsquo;entreprise peut \u00eatre organis\u00e9e sur place, en ligne ou dans l&rsquo;un des sites du groupe GiVi.<\/p>\n<\/div>\n<\/div>\n","protected":false},"excerpt":{"rendered":"<p>Pendant les formations en groupe en classe, le cours est pr\u00e9sent\u00e9 de mani\u00e8re structur\u00e9e, avec un bon \u00e9quilibre entre la th\u00e9orie et les exercices. Chaque participant dispose d&rsquo;un PC sur lequel les exercices pratiques sont r\u00e9alis\u00e9s. La taille du groupe est limit\u00e9e \u00e0 8, maximum 10 personnes, afin de permettre une interaction optimale entre les [&hellip;]<\/p>\n","protected":false},"author":1,"featured_media":0,"parent":0,"menu_order":0,"comment_status":"closed","ping_status":"closed","template":"","meta":{"footnotes":""},"_links":{"self":[{"href":"https:\/\/wordpress.givigroup.net\/fr\/wp-json\/wp\/v2\/pages\/215"}],"collection":[{"href":"https:\/\/wordpress.givigroup.net\/fr\/wp-json\/wp\/v2\/pages"}],"about":[{"href":"https:\/\/wordpress.givigroup.net\/fr\/wp-json\/wp\/v2\/types\/page"}],"author":[{"embeddable":true,"href":"https:\/\/wordpress.givigroup.net\/fr\/wp-json\/wp\/v2\/users\/1"}],"replies":[{"embeddable":true,"href":"https:\/\/wordpress.givigroup.net\/fr\/wp-json\/wp\/v2\/comments?post=215"}],"version-history":[{"count":3,"href":"https:\/\/wordpress.givigroup.net\/fr\/wp-json\/wp\/v2\/pages\/215\/revisions"}],"predecessor-version":[{"id":2111,"href":"https:\/\/wordpress.givigroup.net\/fr\/wp-json\/wp\/v2\/pages\/215\/revisions\/2111"}],"wp:attachment":[{"href":"https:\/\/wordpress.givigroup.net\/fr\/wp-json\/wp\/v2\/media?parent=215"}],"curies":[{"name":"wp","href":"https:\/\/api.w.org\/{rel}","templated":true}]}}