{"id":2132,"date":"2024-03-27T13:35:54","date_gmt":"2024-03-27T13:35:54","guid":{"rendered":"https:\/\/wordpress.givigroup.net\/fr\/?page_id=2132"},"modified":"2026-03-19T15:00:00","modified_gmt":"2026-03-19T15:00:00","slug":"formations-power-apps","status":"publish","type":"page","link":"https:\/\/wordpress.givigroup.net\/fr\/formations-power-apps\/","title":{"rendered":"Formations Power Automate"},"content":{"rendered":"\n<div class=\"wp-block-columns is-layout-flex wp-container-core-columns-layout-1 wp-block-columns-is-layout-flex\">\n<div class=\"wp-block-column is-layout-flow wp-block-column-is-layout-flow\">\n<p>Dans le tableau ci-dessous, vous trouverez un aper\u00e7u de nos formations Power Automate. Les dates sont celles des formations d\u00e9j\u00e0 planifi\u00e9es, mais vous pouvez \u00e9galement nous contacter pour d&rsquo;autres dates disponibles, ou pour une formation en entreprise (sur mesure).<br>Cliquez sur l&rsquo;ic\u00f4ne PDF pour t\u00e9l\u00e9charger le contenu complet.<\/p>\n<\/div>\n\n\n\n<div class=\"wp-block-column is-vertically-aligned-center is-layout-flow wp-block-column-is-layout-flow\"><div class=\"wp-block-image\">\n<figure class=\"aligncenter size-thumbnail\"><img loading=\"lazy\" decoding=\"async\" width=\"150\" height=\"150\" src=\"https:\/\/wordpress.givigroup.net\/fr\/wp-content\/uploads\/sites\/4\/2024\/03\/Power-Automate-150x150.png\" alt=\"\" class=\"wp-image-2129\" srcset=\"https:\/\/wordpress.givigroup.net\/fr\/wp-content\/uploads\/sites\/4\/2024\/03\/Power-Automate-150x150.png 150w, https:\/\/wordpress.givigroup.net\/fr\/wp-content\/uploads\/sites\/4\/2024\/03\/Power-Automate-300x300.png 300w, https:\/\/wordpress.givigroup.net\/fr\/wp-content\/uploads\/sites\/4\/2024\/03\/Power-Automate-375x375.png 375w, https:\/\/wordpress.givigroup.net\/fr\/wp-content\/uploads\/sites\/4\/2024\/03\/Power-Automate.png 500w\" sizes=\"(max-width: 150px) 100vw, 150px\" \/><\/figure><\/div><\/div>\n<\/div>\n\n\n\n<div class=\"wp-block-group is-layout-constrained wp-block-group-is-layout-constrained\"><div class=\"wp-block-group__inner-container\">\n<div class=\"wp-block-columns is-layout-flex wp-container-core-columns-layout-2 wp-block-columns-is-layout-flex\">\n<div class=\"wp-block-column is-layout-flow wp-block-column-is-layout-flow\" style=\"flex-basis:100%\">\n<div class=\"wp-block-group is-layout-constrained wp-block-group-is-layout-constrained\"><div class=\"wp-block-group__inner-container\">\n<figure class=\"wp-block-table is-style-stripes\"><table class=\"has-black-color has-text-color has-link-color\"><thead><tr><th>Formation<\/th><th>Lieu<\/th><th>Dates<\/th><th>Langue<\/th><th class=\"has-text-align-center\" data-align=\"center\">Contenu<\/th><\/tr><\/thead><tbody><tr><td>Power Automate<\/td><td>En ligne<br>En ligne<br>En ligne<br>En ligne<br>En ligne<br>En ligne<br>En ligne<\/td><td>27\/04\/2026<br>05\/05\/2026<br>19\/05\/2026<br>06\/07\/2026<br>14\/07\/2026<br>13\/10\/2026<br>19\/10\/2026<\/td><td>NL<br>NL<br>FR<br>NL<br>FR<br>NL<br>FR<\/td><td class=\"has-text-align-center\" data-align=\"center\"><a href=\"https:\/\/wordpress.givigroup.net\/fr\/wp-content\/uploads\/sites\/4\/2024\/03\/Power-Automate-fr.pdf\" target=\"_blank\" rel=\"noreferrer noopener\"><img decoding=\"async\" style=\"width: 50px\" src=\"https:\/\/wordpress.givigroup.net\/nl\/wp-content\/uploads\/2024\/01\/PDF_file_icon.svg_-150x150.png\" alt=\"\"><\/a><\/td><\/tr><\/tbody><\/table><\/figure>\n<\/div><\/div>\n<\/div>\n<\/div>\n<\/div><\/div>\n","protected":false},"excerpt":{"rendered":"<p>Dans le tableau ci-dessous, vous trouverez un aper\u00e7u de nos formations Power Automate. Les dates sont celles des formations d\u00e9j\u00e0 planifi\u00e9es, mais vous pouvez \u00e9galement nous contacter pour d&rsquo;autres dates disponibles, ou pour une formation en entreprise (sur mesure).Cliquez sur l&rsquo;ic\u00f4ne PDF pour t\u00e9l\u00e9charger le contenu complet. Formation Lieu Dates Langue Contenu Power Automate En [&hellip;]<\/p>\n","protected":false},"author":1,"featured_media":0,"parent":0,"menu_order":0,"comment_status":"closed","ping_status":"closed","template":"","meta":{"footnotes":""},"_links":{"self":[{"href":"https:\/\/wordpress.givigroup.net\/fr\/wp-json\/wp\/v2\/pages\/2132"}],"collection":[{"href":"https:\/\/wordpress.givigroup.net\/fr\/wp-json\/wp\/v2\/pages"}],"about":[{"href":"https:\/\/wordpress.givigroup.net\/fr\/wp-json\/wp\/v2\/types\/page"}],"author":[{"embeddable":true,"href":"https:\/\/wordpress.givigroup.net\/fr\/wp-json\/wp\/v2\/users\/1"}],"replies":[{"embeddable":true,"href":"https:\/\/wordpress.givigroup.net\/fr\/wp-json\/wp\/v2\/comments?post=2132"}],"version-history":[{"count":9,"href":"https:\/\/wordpress.givigroup.net\/fr\/wp-json\/wp\/v2\/pages\/2132\/revisions"}],"predecessor-version":[{"id":2479,"href":"https:\/\/wordpress.givigroup.net\/fr\/wp-json\/wp\/v2\/pages\/2132\/revisions\/2479"}],"wp:attachment":[{"href":"https:\/\/wordpress.givigroup.net\/fr\/wp-json\/wp\/v2\/media?parent=2132"}],"curies":[{"name":"wp","href":"https:\/\/api.w.org\/{rel}","templated":true}]}}