{"id":1469,"date":"2024-02-06T14:57:07","date_gmt":"2024-02-06T13:57:07","guid":{"rendered":"https:\/\/wordpress.givigroup.net\/nl\/?page_id=1469"},"modified":"2024-03-01T12:40:46","modified_gmt":"2024-03-01T12:40:46","slug":"storyline-360-opleidingen","status":"publish","type":"page","link":"https:\/\/wordpress.givigroup.net\/fr\/storyline-360-opleidingen\/","title":{"rendered":"Formations Storyline 360"},"content":{"rendered":"\n<div class=\"wp-block-columns is-layout-flex wp-container-core-columns-layout-1 wp-block-columns-is-layout-flex\">\n<div class=\"wp-block-column is-layout-flow wp-block-column-is-layout-flow\">\n<p>Dans le tableau ci-dessous, vous trouverez un aper\u00e7u de nos formations Storyline 360. Les dates sont celles des formations d\u00e9j\u00e0 planifi\u00e9es, mais vous pouvez \u00e9galement nous contacter pour d&rsquo;autres dates disponibles, ou pour une formation en entreprise (sur mesure).<br>Cliquez sur l&rsquo;ic\u00f4ne PDF pour t\u00e9l\u00e9charger le contenu complet.<\/p>\n<\/div>\n\n\n\n<div class=\"wp-block-column is-vertically-aligned-center is-layout-flow wp-block-column-is-layout-flow\"><div class=\"wp-block-image\">\n<figure class=\"aligncenter size-full\"><img loading=\"lazy\" decoding=\"async\" width=\"154\" height=\"154\" src=\"https:\/\/wordpress.givigroup.net\/fr\/wp-content\/uploads\/sites\/4\/2024\/01\/Storyline_GR-e1706708257256.png\" alt=\"\" class=\"wp-image-1195\" srcset=\"https:\/\/wordpress.givigroup.net\/fr\/wp-content\/uploads\/sites\/4\/2024\/01\/Storyline_GR-e1706708257256.png 154w, https:\/\/wordpress.givigroup.net\/fr\/wp-content\/uploads\/sites\/4\/2024\/01\/Storyline_GR-e1706708257256-150x150.png 150w\" sizes=\"(max-width: 154px) 100vw, 154px\" \/><\/figure><\/div><\/div>\n<\/div>\n\n\n\n<div class=\"wp-block-group is-layout-constrained wp-block-group-is-layout-constrained\"><div class=\"wp-block-group__inner-container\">\n<div class=\"wp-block-columns is-layout-flex wp-container-core-columns-layout-2 wp-block-columns-is-layout-flex\">\n<div class=\"wp-block-column is-layout-flow wp-block-column-is-layout-flow\" style=\"flex-basis:100%\">\n<div class=\"wp-block-group is-layout-constrained wp-block-group-is-layout-constrained\"><div class=\"wp-block-group__inner-container\">\n<figure class=\"wp-block-table is-style-stripes\"><table class=\"has-black-color has-text-color has-link-color\"><thead><tr><th>Formation<\/th><th>Lieu<\/th><th>Dates<\/th><th>Langue<\/th><th class=\"has-text-align-center\" data-align=\"center\">Contenu<\/th><\/tr><\/thead><tbody><tr><td>Articulate Storyline 360<\/td><td><\/td><td>Dates sur demande<\/td><td><\/td><td class=\"has-text-align-center\" data-align=\"center\"><a href=\"https:\/\/wordpress.givigroup.net\/fr\/wp-content\/uploads\/sites\/4\/2024\/03\/Storyline-fr.pdf\" target=\"_blank\" rel=\"noreferrer noopener\"><img decoding=\"async\" style=\"width: 50px\" src=\"https:\/\/wordpress.givigroup.net\/nl\/wp-content\/uploads\/2024\/01\/PDF_file_icon.svg_-150x150.png\" alt=\"\"><\/a><\/td><\/tr><\/tbody><\/table><\/figure>\n<\/div><\/div>\n<\/div>\n<\/div>\n<\/div><\/div>\n","protected":false},"excerpt":{"rendered":"<p>Dans le tableau ci-dessous, vous trouverez un aper\u00e7u de nos formations Storyline 360. Les dates sont celles des formations d\u00e9j\u00e0 planifi\u00e9es, mais vous pouvez \u00e9galement nous contacter pour d&rsquo;autres dates disponibles, ou pour une formation en entreprise (sur mesure).Cliquez sur l&rsquo;ic\u00f4ne PDF pour t\u00e9l\u00e9charger le contenu complet. Formation Lieu Dates Langue Contenu Articulate Storyline 360 [&hellip;]<\/p>\n","protected":false},"author":1,"featured_media":0,"parent":0,"menu_order":0,"comment_status":"closed","ping_status":"closed","template":"","meta":{"footnotes":""},"_links":{"self":[{"href":"https:\/\/wordpress.givigroup.net\/fr\/wp-json\/wp\/v2\/pages\/1469"}],"collection":[{"href":"https:\/\/wordpress.givigroup.net\/fr\/wp-json\/wp\/v2\/pages"}],"about":[{"href":"https:\/\/wordpress.givigroup.net\/fr\/wp-json\/wp\/v2\/types\/page"}],"author":[{"embeddable":true,"href":"https:\/\/wordpress.givigroup.net\/fr\/wp-json\/wp\/v2\/users\/1"}],"replies":[{"embeddable":true,"href":"https:\/\/wordpress.givigroup.net\/fr\/wp-json\/wp\/v2\/comments?post=1469"}],"version-history":[{"count":3,"href":"https:\/\/wordpress.givigroup.net\/fr\/wp-json\/wp\/v2\/pages\/1469\/revisions"}],"predecessor-version":[{"id":2091,"href":"https:\/\/wordpress.givigroup.net\/fr\/wp-json\/wp\/v2\/pages\/1469\/revisions\/2091"}],"wp:attachment":[{"href":"https:\/\/wordpress.givigroup.net\/fr\/wp-json\/wp\/v2\/media?parent=1469"}],"curies":[{"name":"wp","href":"https:\/\/api.w.org\/{rel}","templated":true}]}}