{"id":1448,"date":"2024-02-06T14:49:34","date_gmt":"2024-02-06T13:49:34","guid":{"rendered":"https:\/\/wordpress.givigroup.net\/nl\/?page_id=1448"},"modified":"2025-10-27T14:17:44","modified_gmt":"2025-10-27T14:17:44","slug":"onenote-opleidingen","status":"publish","type":"page","link":"https:\/\/wordpress.givigroup.net\/fr\/onenote-opleidingen\/","title":{"rendered":"Formations OneNote"},"content":{"rendered":"\n<div class=\"wp-block-columns is-layout-flex wp-container-core-columns-layout-1 wp-block-columns-is-layout-flex\">\n<div class=\"wp-block-column is-layout-flow wp-block-column-is-layout-flow\">\n<p>Dans le tableau ci-dessous, vous trouverez un aper\u00e7u de nos formations OneNote. Les dates sont celles des formations d\u00e9j\u00e0 planifi\u00e9es, mais vous pouvez \u00e9galement nous contacter pour d&rsquo;autres dates disponibles, ou pour une formation en entreprise (sur mesure).<br>Cliquez sur l&rsquo;ic\u00f4ne PDF pour t\u00e9l\u00e9charger le contenu complet.<\/p>\n<\/div>\n\n\n\n<div class=\"wp-block-column is-vertically-aligned-center is-layout-flow wp-block-column-is-layout-flow\"><div class=\"wp-block-image\">\n<figure class=\"aligncenter size-large is-resized\"><img decoding=\"async\" src=\"https:\/\/wordpress.givigroup.net\/fr\/wp-content\/uploads\/sites\/4\/2025\/10\/microsoft_onenote_2025-logo-e1761574112947.png\" alt=\"\" style=\"width:auto;height:150px\"\/><\/figure><\/div><\/div>\n<\/div>\n\n\n\n<div class=\"wp-block-group is-layout-constrained wp-block-group-is-layout-constrained\"><div class=\"wp-block-group__inner-container\">\n<div class=\"wp-block-columns is-layout-flex wp-container-core-columns-layout-2 wp-block-columns-is-layout-flex\">\n<div class=\"wp-block-column is-layout-flow wp-block-column-is-layout-flow\" style=\"flex-basis:100%\">\n<div class=\"wp-block-group is-layout-constrained wp-block-group-is-layout-constrained\"><div class=\"wp-block-group__inner-container\">\n<figure class=\"wp-block-table is-style-stripes\"><table class=\"has-black-color has-text-color has-link-color\"><thead><tr><th>Formation<\/th><th>Lieu<\/th><th>Dates<\/th><th>Langue<\/th><th class=\"has-text-align-center\" data-align=\"center\">Contenu<\/th><\/tr><\/thead><tbody><tr><td>OneNote \u00e0 La Carte<\/td><td>Site GiVi ou<br>en ligne<\/td><td>Chaque semaine des dates<\/td><td>\u00e0 choix<\/td><td class=\"has-text-align-center\" data-align=\"center\"><a href=\"https:\/\/wordpress.givigroup.net\/fr\/wp-content\/uploads\/sites\/4\/2024\/02\/OneNote-365-OLC-fr.pdf\" target=\"_blank\" rel=\"noreferrer noopener\"><img decoding=\"async\" style=\"width: 50px\" src=\"https:\/\/wordpress.givigroup.net\/nl\/wp-content\/uploads\/2024\/01\/PDF_file_icon.svg_-150x150.png\" alt=\"\"><\/a><\/td><\/tr><tr><td>OneNote Base<\/td><td><\/td><td>Dates sur demande<\/td><td><\/td><td class=\"has-text-align-center\" data-align=\"center\"><a href=\"https:\/\/wordpress.givigroup.net\/fr\/wp-content\/uploads\/sites\/4\/2024\/02\/OneNote-365-Base.pdf\" target=\"_blank\" rel=\"noreferrer noopener\"><img decoding=\"async\" style=\"width: 50px\" src=\"https:\/\/wordpress.givigroup.net\/nl\/wp-content\/uploads\/2024\/01\/PDF_file_icon.svg_-150x150.png\" alt=\"\"><\/a><\/td><\/tr><tr><td>OneNote Avanc\u00e9<\/td><td><\/td><td>Dates sur demande<\/td><td><\/td><td class=\"has-text-align-center\" data-align=\"center\"><a href=\"https:\/\/wordpress.givigroup.net\/fr\/wp-content\/uploads\/sites\/4\/2024\/02\/OneNote-365-Avance.pdf\" target=\"_blank\" rel=\"noreferrer noopener\"><img decoding=\"async\" style=\"width: 50px\" src=\"https:\/\/wordpress.givigroup.net\/nl\/wp-content\/uploads\/2024\/01\/PDF_file_icon.svg_-150x150.png\" alt=\"\"><\/a><\/td><\/tr><tr><td>OneNote: D\u00e9crouvez toutes les possibilit\u00e9s<\/td><td><\/td><td>Dates sur demande<\/td><td><\/td><td class=\"has-text-align-center\" data-align=\"center\"><a href=\"https:\/\/wordpress.givigroup.net\/fr\/wp-content\/uploads\/sites\/4\/2024\/02\/OneNote-365-Decrouvez-toutes-les-possibilites.pdf\" target=\"_blank\" rel=\"noreferrer noopener\"><img decoding=\"async\" style=\"width: 50px\" src=\"https:\/\/wordpress.givigroup.net\/nl\/wp-content\/uploads\/2024\/01\/PDF_file_icon.svg_-150x150.png\" alt=\"\"><\/a><\/td><\/tr><\/tbody><\/table><\/figure>\n<\/div><\/div>\n<\/div>\n<\/div>\n<\/div><\/div>\n","protected":false},"excerpt":{"rendered":"<p>Dans le tableau ci-dessous, vous trouverez un aper\u00e7u de nos formations OneNote. Les dates sont celles des formations d\u00e9j\u00e0 planifi\u00e9es, mais vous pouvez \u00e9galement nous contacter pour d&rsquo;autres dates disponibles, ou pour une formation en entreprise (sur mesure).Cliquez sur l&rsquo;ic\u00f4ne PDF pour t\u00e9l\u00e9charger le contenu complet. Formation Lieu Dates Langue Contenu OneNote \u00e0 La Carte [&hellip;]<\/p>\n","protected":false},"author":1,"featured_media":0,"parent":0,"menu_order":0,"comment_status":"closed","ping_status":"closed","template":"","meta":{"footnotes":""},"_links":{"self":[{"href":"https:\/\/wordpress.givigroup.net\/fr\/wp-json\/wp\/v2\/pages\/1448"}],"collection":[{"href":"https:\/\/wordpress.givigroup.net\/fr\/wp-json\/wp\/v2\/pages"}],"about":[{"href":"https:\/\/wordpress.givigroup.net\/fr\/wp-json\/wp\/v2\/types\/page"}],"author":[{"embeddable":true,"href":"https:\/\/wordpress.givigroup.net\/fr\/wp-json\/wp\/v2\/users\/1"}],"replies":[{"embeddable":true,"href":"https:\/\/wordpress.givigroup.net\/fr\/wp-json\/wp\/v2\/comments?post=1448"}],"version-history":[{"count":5,"href":"https:\/\/wordpress.givigroup.net\/fr\/wp-json\/wp\/v2\/pages\/1448\/revisions"}],"predecessor-version":[{"id":2401,"href":"https:\/\/wordpress.givigroup.net\/fr\/wp-json\/wp\/v2\/pages\/1448\/revisions\/2401"}],"wp:attachment":[{"href":"https:\/\/wordpress.givigroup.net\/fr\/wp-json\/wp\/v2\/media?parent=1448"}],"curies":[{"name":"wp","href":"https:\/\/api.w.org\/{rel}","templated":true}]}}