{"id":1432,"date":"2024-02-06T14:33:36","date_gmt":"2024-02-06T13:33:36","guid":{"rendered":"https:\/\/wordpress.givigroup.net\/nl\/?page_id=1432"},"modified":"2026-03-16T11:05:42","modified_gmt":"2026-03-16T11:05:42","slug":"excel-opleidingen","status":"publish","type":"page","link":"https:\/\/wordpress.givigroup.net\/fr\/excel-opleidingen\/","title":{"rendered":"Formations Excel"},"content":{"rendered":"\n<div class=\"wp-block-columns is-layout-flex wp-container-core-columns-layout-1 wp-block-columns-is-layout-flex\">\n<div class=\"wp-block-column is-layout-flow wp-block-column-is-layout-flow\">\n<p>Dans le tableau ci-dessous, vous trouverez un aper\u00e7u de nos formations Excel. Les dates sont celles des formations d\u00e9j\u00e0 planifi\u00e9es, mais vous pouvez \u00e9galement nous contacter pour d&rsquo;autres dates disponibles, ou pour une formation en entreprise (sur mesure).<br>Cliquez sur l&rsquo;ic\u00f4ne PDF pour t\u00e9l\u00e9charger le contenu complet.<\/p>\n<\/div>\n\n\n\n<div class=\"wp-block-column is-vertically-aligned-center is-layout-flow wp-block-column-is-layout-flow\"><div class=\"wp-block-image\">\n<figure class=\"aligncenter size-large is-resized\"><img decoding=\"async\" src=\"https:\/\/wordpress.givigroup.net\/fr\/wp-content\/uploads\/sites\/4\/2025\/10\/microsoft_excel_2025-logo-e1761574137221.png\" alt=\"Excel Logo\" style=\"width:auto;height:150px\"\/><\/figure><\/div><\/div>\n<\/div>\n\n\n\n<div class=\"wp-block-group is-layout-constrained wp-block-group-is-layout-constrained\"><div class=\"wp-block-group__inner-container\">\n<div class=\"wp-block-columns is-layout-flex wp-container-core-columns-layout-2 wp-block-columns-is-layout-flex\">\n<div class=\"wp-block-column is-layout-flow wp-block-column-is-layout-flow\" style=\"flex-basis:100%\">\n<div class=\"wp-block-group is-layout-constrained wp-block-group-is-layout-constrained\"><div class=\"wp-block-group__inner-container\">\n<figure class=\"wp-block-table is-style-stripes\"><table class=\"has-black-color has-text-color has-link-color\"><thead><tr><th>Formation<\/th><th>Lieu<\/th><th>Dates<\/th><th>Langue<\/th><th class=\"has-text-align-center\" data-align=\"center\">Contenu<\/th><\/tr><\/thead><tbody><tr><td>Excel \u00e0 La Carte<\/td><td>Site GiVi ou<br>en ligne<\/td><td>Chaque semaine des dates<\/td><td>\u00e0 choix<\/td><td class=\"has-text-align-center\" data-align=\"center\"><a href=\"https:\/\/wordpress.givigroup.net\/fr\/wp-content\/uploads\/sites\/4\/2026\/03\/OLC-Excel-365-FR.pdf\" data-type=\"link\" data-id=\"https:\/\/wordpress.givigroup.net\/fr\/wp-content\/uploads\/sites\/4\/2026\/03\/OLC-Excel-365-FR.pdf\"><img decoding=\"async\" style=\"width: 50px\" src=\"https:\/\/wordpress.givigroup.net\/nl\/wp-content\/uploads\/2024\/01\/PDF_file_icon.svg_-150x150.png\" alt=\"\"><\/a><\/td><\/tr><tr><td>Excel Base<\/td><td><\/td><td>Dates sur demande<\/td><td><\/td><td class=\"has-text-align-center\" data-align=\"center\"><a href=\"https:\/\/wordpress.givigroup.net\/fr\/wp-content\/uploads\/sites\/4\/2024\/02\/Excel-365-Base.pdf\" target=\"_blank\" rel=\"noreferrer noopener\"><img decoding=\"async\" style=\"width: 50px\" src=\"https:\/\/wordpress.givigroup.net\/nl\/wp-content\/uploads\/2024\/01\/PDF_file_icon.svg_-150x150.png\" alt=\"\"><\/a><\/td><\/tr><tr><td>Excel Avanc\u00e9<\/td><td><\/td><td>Dates sur demande<\/td><td><\/td><td class=\"has-text-align-center\" data-align=\"center\"><a href=\"https:\/\/wordpress.givigroup.net\/fr\/wp-content\/uploads\/sites\/4\/2024\/02\/Excel-365-Avance.pdf\" target=\"_blank\" rel=\"noreferrer noopener\"><img decoding=\"async\" style=\"width: 50px\" src=\"https:\/\/wordpress.givigroup.net\/nl\/wp-content\/uploads\/2024\/01\/PDF_file_icon.svg_-150x150.png\" alt=\"\"><\/a><\/td><\/tr><tr><td>Excel: Formules et fonctions<\/td><td><\/td><td>Dates sur demande<\/td><td><\/td><td class=\"has-text-align-center\" data-align=\"center\"><a href=\"https:\/\/wordpress.givigroup.net\/fr\/wp-content\/uploads\/sites\/4\/2026\/03\/Excel-365-Formules-et-fonctions-1.pdf\" target=\"_blank\" rel=\"noreferrer noopener\"><img decoding=\"async\" style=\"width: 50px\" src=\"https:\/\/wordpress.givigroup.net\/nl\/wp-content\/uploads\/2024\/01\/PDF_file_icon.svg_-150x150.png\" alt=\"\"><\/a><\/td><\/tr><tr><td>Excel: Tableaux crois\u00e9s dynamiques<\/td><td><\/td><td>Dates sur demande<\/td><td><\/td><td class=\"has-text-align-center\" data-align=\"center\"><a href=\"https:\/\/wordpress.givigroup.net\/fr\/wp-content\/uploads\/sites\/4\/2024\/02\/Excel-365-Tableaux-croises-dynamique.pdf\" target=\"_blank\" rel=\"noreferrer noopener\"><img decoding=\"async\" style=\"width: 50px\" src=\"https:\/\/wordpress.givigroup.net\/nl\/wp-content\/uploads\/2024\/01\/PDF_file_icon.svg_-150x150.png\" alt=\"\"><\/a><\/td><\/tr><tr><td>Excel: Graphiques<\/td><td><\/td><td>Dates sur demande<\/td><td><\/td><td class=\"has-text-align-center\" data-align=\"center\"><a href=\"https:\/\/wordpress.givigroup.net\/fr\/wp-content\/uploads\/sites\/4\/2024\/03\/Excel-365-Graphiques.pdf\" target=\"_blank\" rel=\"noreferrer noopener\"><img decoding=\"async\" style=\"width: 50px\" src=\"https:\/\/wordpress.givigroup.net\/nl\/wp-content\/uploads\/2024\/01\/PDF_file_icon.svg_-150x150.png\" alt=\"\"><\/a><\/td><\/tr><tr><td>Excel: PowerPivot &amp; PowerQuery<\/td><td><\/td><td>Dates sur demande<\/td><td><\/td><td class=\"has-text-align-center\" data-align=\"center\"><a href=\"https:\/\/wordpress.givigroup.net\/fr\/wp-content\/uploads\/sites\/4\/2024\/02\/Excel-365-PowerPivot-en-PowerQuery-fr.pdf\" target=\"_blank\" rel=\"noreferrer noopener\"><img decoding=\"async\" style=\"width: 50px\" src=\"https:\/\/wordpress.givigroup.net\/nl\/wp-content\/uploads\/2024\/01\/PDF_file_icon.svg_-150x150.png\" alt=\"\"><\/a><\/td><\/tr><tr><td>Excel: Dashboards \/ Tableau de bord<\/td><td><\/td><td>Dates sur demande<\/td><td><\/td><td class=\"has-text-align-center\" data-align=\"center\"><a href=\"https:\/\/wordpress.givigroup.net\/fr\/wp-content\/uploads\/sites\/4\/2025\/02\/Excel-365-Dashboards-FR.pdf\" target=\"_blank\" rel=\"noreferrer noopener\"><img decoding=\"async\" style=\"width: 50px\" src=\"https:\/\/wordpress.givigroup.net\/nl\/wp-content\/uploads\/2024\/01\/PDF_file_icon.svg_-150x150.png\" alt=\"\"><\/a><\/td><\/tr><tr><td>VBA Excel<\/td><td>En ligne<br>En ligne<br>En ligne<br>GiVi Anvers<br>En ligne<br>En ligne<br>En ligne<\/td><td>12\/03 &amp; 16\/06 &amp; 19\/03\/2026<br>18\/05 &amp; 21\/05 &amp; 28\/05\/2026<br>08\/06 &amp; 15\/06 &amp; 18\/06\/2026<br>14\/09 &amp; 22\/09 &amp; 25\/09\/2026<br>15\/09 &amp; 21\/09 &amp; 28\/09\/2026<br>19\/10 &amp; 22\/10 &amp; 26\/10\/2026<br>02\/11 &amp; 03\/11 &amp; 06\/11\/2026<\/td><td>FR<br>NL<br>FR<br>NL<br>FR<br>NL<br>FR<\/td><td class=\"has-text-align-center\" data-align=\"center\"><a href=\"https:\/\/wordpress.givigroup.net\/fr\/wp-content\/uploads\/sites\/4\/2024\/02\/Excel-365-VBA-fr.pdf\" target=\"_blank\" rel=\"noreferrer noopener\"><img decoding=\"async\" style=\"width: 50px\" src=\"https:\/\/wordpress.givigroup.net\/nl\/wp-content\/uploads\/2024\/01\/PDF_file_icon.svg_-150x150.png\" alt=\"\"><\/a><\/td><\/tr><\/tbody><\/table><\/figure>\n<\/div><\/div>\n<\/div>\n<\/div>\n<\/div><\/div>\n","protected":false},"excerpt":{"rendered":"<p>Dans le tableau ci-dessous, vous trouverez un aper\u00e7u de nos formations Excel. Les dates sont celles des formations d\u00e9j\u00e0 planifi\u00e9es, mais vous pouvez \u00e9galement nous contacter pour d&rsquo;autres dates disponibles, ou pour une formation en entreprise (sur mesure).Cliquez sur l&rsquo;ic\u00f4ne PDF pour t\u00e9l\u00e9charger le contenu complet. Formation Lieu Dates Langue Contenu Excel \u00e0 La Carte [&hellip;]<\/p>\n","protected":false},"author":1,"featured_media":0,"parent":0,"menu_order":0,"comment_status":"closed","ping_status":"closed","template":"","meta":{"footnotes":""},"_links":{"self":[{"href":"https:\/\/wordpress.givigroup.net\/fr\/wp-json\/wp\/v2\/pages\/1432"}],"collection":[{"href":"https:\/\/wordpress.givigroup.net\/fr\/wp-json\/wp\/v2\/pages"}],"about":[{"href":"https:\/\/wordpress.givigroup.net\/fr\/wp-json\/wp\/v2\/types\/page"}],"author":[{"embeddable":true,"href":"https:\/\/wordpress.givigroup.net\/fr\/wp-json\/wp\/v2\/users\/1"}],"replies":[{"embeddable":true,"href":"https:\/\/wordpress.givigroup.net\/fr\/wp-json\/wp\/v2\/comments?post=1432"}],"version-history":[{"count":34,"href":"https:\/\/wordpress.givigroup.net\/fr\/wp-json\/wp\/v2\/pages\/1432\/revisions"}],"predecessor-version":[{"id":2467,"href":"https:\/\/wordpress.givigroup.net\/fr\/wp-json\/wp\/v2\/pages\/1432\/revisions\/2467"}],"wp:attachment":[{"href":"https:\/\/wordpress.givigroup.net\/fr\/wp-json\/wp\/v2\/media?parent=1432"}],"curies":[{"name":"wp","href":"https:\/\/api.w.org\/{rel}","templated":true}]}}