{"id":1142,"date":"2024-01-31T11:18:15","date_gmt":"2024-01-31T10:18:15","guid":{"rendered":"https:\/\/wordpress.givigroup.net\/nl\/?page_id=1142"},"modified":"2026-03-19T15:11:19","modified_gmt":"2026-03-19T15:11:19","slug":"sharepoint-opleidingen","status":"publish","type":"page","link":"https:\/\/wordpress.givigroup.net\/fr\/sharepoint-opleidingen\/","title":{"rendered":"Formations SharePoint"},"content":{"rendered":"\n<div class=\"wp-block-columns is-layout-flex wp-container-core-columns-layout-1 wp-block-columns-is-layout-flex\">\n<div class=\"wp-block-column is-layout-flow wp-block-column-is-layout-flow\">\n<p>Dans le tableau ci-dessous, vous trouverez un aper\u00e7u de nos formations SharePoint. Les dates sont celles des formations d\u00e9j\u00e0 planifi\u00e9es, mais vous pouvez \u00e9galement nous contacter pour d&rsquo;autres dates disponibles, ou pour une formation en entreprise (sur mesure).<br>Cliquez sur l&rsquo;ic\u00f4ne PDF pour t\u00e9l\u00e9charger le contenu complet.<\/p>\n<\/div>\n\n\n\n<div class=\"wp-block-column is-vertically-aligned-center is-layout-flow wp-block-column-is-layout-flow\"><div class=\"wp-block-image\">\n<figure class=\"aligncenter size-large is-resized\"><img decoding=\"async\" src=\"https:\/\/wordpress.givigroup.net\/fr\/wp-content\/uploads\/sites\/4\/2025\/10\/microsoft_sharepoint_2025-logo-e1761574069740.png\" alt=\"\" style=\"width:auto;height:150px\"\/><\/figure><\/div><\/div>\n<\/div>\n\n\n\n<div class=\"wp-block-group is-layout-constrained wp-block-group-is-layout-constrained\"><div class=\"wp-block-group__inner-container\">\n<div class=\"wp-block-columns is-layout-flex wp-container-core-columns-layout-2 wp-block-columns-is-layout-flex\">\n<div class=\"wp-block-column is-layout-flow wp-block-column-is-layout-flow\" style=\"flex-basis:100%\">\n<div class=\"wp-block-group is-layout-constrained wp-block-group-is-layout-constrained\"><div class=\"wp-block-group__inner-container\">\n<figure class=\"wp-block-table is-style-stripes\"><table class=\"has-black-color has-text-color has-link-color\"><thead><tr><th>Formation<\/th><th>Lieu<\/th><th>Dates<\/th><th>Langue<\/th><th>Contenu<\/th><\/tr><\/thead><tbody><tr><td>SharePoint End-Users<\/td><td>En ligne<br>En ligne<br>En ligne<\/td><td>16\/03\/20226<br>21\/09\/2026<br>28\/09\/2026<\/td><td>FR<br>NL<br>FR<\/td><td><a href=\"https:\/\/wordpress.givigroup.net\/fr\/wp-content\/uploads\/sites\/4\/2024\/02\/SharePoint-End-User-fr.pdf\" target=\"_blank\" rel=\"noreferrer noopener\"><img decoding=\"async\" style=\"width: 50px\" src=\"https:\/\/wordpress.givigroup.net\/nl\/wp-content\/uploads\/2024\/01\/PDF_file_icon.svg_-150x150.png\" alt=\"\"><\/a><\/td><\/tr><tr><td>SharePoint Key-Users<\/td><td>GiVi Anvers<br>En ligne<br>En ligne<br>En ligne<\/td><td>4\/05\/2026<br>18\/05\/2026<br>17\/11\/2026<br>24\/11\/2026<\/td><td>NL<br>FR<br>NL<br>FR<\/td><td><a href=\"https:\/\/wordpress.givigroup.net\/fr\/wp-content\/uploads\/sites\/4\/2024\/02\/SharePoint-Key-User-fr.pdf\" target=\"_blank\" rel=\"noreferrer noopener\"><img decoding=\"async\" style=\"width: 50px\" src=\"https:\/\/wordpress.givigroup.net\/nl\/wp-content\/uploads\/2024\/01\/PDF_file_icon.svg_-150x150.png\" alt=\"\"><\/a><\/td><\/tr><tr><td>Sharepoint Key-Users Bases de donn\u00e9es<\/td><td><\/td><td>sur demande<\/td><td><\/td><td><a href=\"https:\/\/wordpress.givigroup.net\/fr\/wp-content\/uploads\/sites\/4\/2026\/03\/Sharepoint-Keyusers-FR-Databases.pdf\" data-type=\"link\" data-id=\"https:\/\/wordpress.givigroup.net\/fr\/wp-content\/uploads\/sites\/4\/2026\/03\/Sharepoint-Keyusers-FR-Databases.pdf\" target=\"_blank\" rel=\"noreferrer noopener\"><img decoding=\"async\" style=\"width: 50px\" src=\"https:\/\/wordpress.givigroup.net\/nl\/wp-content\/uploads\/2024\/01\/PDF_file_icon.svg_-150x150.png\" alt=\"\"><\/a><\/td><\/tr><\/tbody><\/table><\/figure>\n<\/div><\/div>\n<\/div>\n<\/div>\n<\/div><\/div>\n","protected":false},"excerpt":{"rendered":"<p>Dans le tableau ci-dessous, vous trouverez un aper\u00e7u de nos formations SharePoint. Les dates sont celles des formations d\u00e9j\u00e0 planifi\u00e9es, mais vous pouvez \u00e9galement nous contacter pour d&rsquo;autres dates disponibles, ou pour une formation en entreprise (sur mesure).Cliquez sur l&rsquo;ic\u00f4ne PDF pour t\u00e9l\u00e9charger le contenu complet. Formation Lieu Dates Langue Contenu SharePoint End-Users En ligneEn [&hellip;]<\/p>\n","protected":false},"author":1,"featured_media":0,"parent":0,"menu_order":0,"comment_status":"closed","ping_status":"closed","template":"","meta":{"footnotes":""},"_links":{"self":[{"href":"https:\/\/wordpress.givigroup.net\/fr\/wp-json\/wp\/v2\/pages\/1142"}],"collection":[{"href":"https:\/\/wordpress.givigroup.net\/fr\/wp-json\/wp\/v2\/pages"}],"about":[{"href":"https:\/\/wordpress.givigroup.net\/fr\/wp-json\/wp\/v2\/types\/page"}],"author":[{"embeddable":true,"href":"https:\/\/wordpress.givigroup.net\/fr\/wp-json\/wp\/v2\/users\/1"}],"replies":[{"embeddable":true,"href":"https:\/\/wordpress.givigroup.net\/fr\/wp-json\/wp\/v2\/comments?post=1142"}],"version-history":[{"count":11,"href":"https:\/\/wordpress.givigroup.net\/fr\/wp-json\/wp\/v2\/pages\/1142\/revisions"}],"predecessor-version":[{"id":2485,"href":"https:\/\/wordpress.givigroup.net\/fr\/wp-json\/wp\/v2\/pages\/1142\/revisions\/2485"}],"wp:attachment":[{"href":"https:\/\/wordpress.givigroup.net\/fr\/wp-json\/wp\/v2\/media?parent=1142"}],"curies":[{"name":"wp","href":"https:\/\/api.w.org\/{rel}","templated":true}]}}